{"id":107,"date":"2020-05-20T13:22:59","date_gmt":"2020-05-20T13:22:59","guid":{"rendered":"http:\/\/www.gruenes-licht.at\/?page_id=107"},"modified":"2020-06-26T11:56:26","modified_gmt":"2020-06-26T11:56:26","slug":"why-gruenes-licht","status":"publish","type":"page","link":"https:\/\/www.gruenes-licht.at\/de\/why-gruenes-licht\/","title":{"rendered":"Warum Gr\u00fcnes Licht?"},"content":{"rendered":"<p>[vc_row full_width=&#8221;stretch_row_content_no_spaces&#8221; css=&#8221;.vc_custom_1590602708929{margin-top: 0px !important;margin-bottom: 0px !important;border-top-width: 0px !important;border-bottom-width: 0px !important;padding-top: 0px !important;padding-bottom: 0px !important;}&#8221; el_class=&#8221;about-sec sec-about&#8221;][vc_column css=&#8221;.vc_custom_1589896498234{margin-top: 0px !important;margin-bottom: 0px !important;border-top-width: 0px !important;border-bottom-width: 0px !important;padding-top: 0px !important;padding-bottom: 0px !important;}&#8221;][vc_column_text css=&#8221;.vc_custom_1592390619386{margin-top: 0px !important;border-top-width: 0px !important;border-bottom-width: 0px !important;padding-top: 0px !important;padding-bottom: 0px !important;}&#8221;]<\/p>\n<div class=\"heading-box\">\n<h2>Gr\u00fcnes Licht<\/h2>\n<h3><strong>Warum Gr\u00fcnes Licht?<\/strong><\/h3>\n<\/div>\n<p>[\/vc_column_text][\/vc_column][\/vc_row][vc_row css=&#8221;.vc_custom_1590602930800{margin-top: 0px !important;margin-bottom: 0px !important;border-top-width: 0px !important;border-bottom-width: 0px !important;padding-top: 0px !important;}&#8221;][vc_column css=&#8221;.vc_custom_1590602718673{margin-top: 0px !important;margin-bottom: 0px !important;border-top-width: 0px !important;border-bottom-width: 0px !important;padding-top: 0px !important;padding-bottom: 0px !important;}&#8221;][vc_column_text el_class=&#8221;static-page-text&#8221; css=&#8221;.vc_custom_1592385214832{margin-top: 0px !important;margin-bottom: 0px !important;border-top-width: 0px !important;border-bottom-width: 0px !important;padding-top: 0px !important;padding-bottom: 0px !important;}&#8221;]<\/p>\n<h3>Fachwissen<\/h3>\n<p>Basierend auf jahrzehntelanger Erfahrung in der Herstellung von Lichtprodukten verf\u00fcgt Gr\u00fcnes Licht \u00fcber das echte Know-how in der Herstellung feinster Kunstwerke, die den Marktbed\u00fcrfnissen entsprechen.<\/p>\n<h3>Qualit\u00e4t<\/h3>\n<p>H\u00f6chste Qualit\u00e4t des Rohmaterials, Spitzentechnologien, modernes Design und geschickte Entwickler sind unsere erfolgreichen Schl\u00fcsselfaktoren, um Produkte zu erhalten, die auf dem neuesten Stand der Technik mit maximaler Lichtqualit\u00e4t sind.<\/p>\n<h3>Kundenspezifische Anpassung<\/h3>\n<p>Wir sind immer davon \u00fcberzeugt, dass der Mensch in der Leidenschaft f\u00fcr neue Ideen und unterschiedliche Bed\u00fcrfnisse keine Grenzen kennt. Deshalb verpflichten wir uns bei Gruenes Licht dazu, unseren Kunden anpassbare L\u00f6sungen anzubieten, die ihren neuen Ideen entsprechen.<\/p>\n<h3>Design auf dem neuesten Stand<\/h3>\n<p>Wir von Gruenes Licht sehen uns immer wieder herausgefordert durch die Bedeutung des Prinzips \u201eAndere Menschen, andere Schl\u00e4ge\u201c, wie Muhammed Ali es formulierte, verschiedene L\u00f6sungen zu entwickeln, um ein tadelloses Endprodukt zu erhalten.[\/vc_column_text][\/vc_column][\/vc_row]<\/p>\n","protected":false},"excerpt":{"rendered":"<p>[vc_row full_width=&#8221;stretch_row_content_no_spaces&#8221; css=&#8221;.vc_custom_1590602708929{margin-top: 0px !important;margin-bottom: 0px !important;border-top-width: 0px !important;border-bottom-width: 0px !important;padding-top: 0px !important;padding-bottom: 0px !important;}&#8221; el_class=&#8221;about-sec sec-about&#8221;][vc_column css=&#8221;.vc_custom_1589896498234{margin-top: 0px !important;margin-bottom: 0px !important;border-top-width: 0px !important;border-bottom-width: 0px !important;padding-top: 0px !important;padding-bottom: 0px !important;}&#8221;][vc_column_text css=&#8221;.vc_custom_1592390619386{margin-top: 0px !important;border-top-width: 0px !important;border-bottom-width: 0px !important;padding-top: 0px !important;padding-bottom: 0px !important;}&#8221;] Gr\u00fcnes Licht Warum Gr\u00fcnes Licht? [\/vc_column_text][\/vc_column][\/vc_row][vc_row css=&#8221;.vc_custom_1590602930800{margin-top: 0px !important;margin-bottom: 0px !important;border-top-width: 0px !important;border-bottom-width: 0px [&hellip;]<\/p>\n","protected":false},"author":1,"featured_media":246,"parent":0,"menu_order":0,"comment_status":"closed","ping_status":"closed","template":"","meta":[],"_links":{"self":[{"href":"https:\/\/www.gruenes-licht.at\/de\/wp-json\/wp\/v2\/pages\/107"}],"collection":[{"href":"https:\/\/www.gruenes-licht.at\/de\/wp-json\/wp\/v2\/pages"}],"about":[{"href":"https:\/\/www.gruenes-licht.at\/de\/wp-json\/wp\/v2\/types\/page"}],"author":[{"embeddable":true,"href":"https:\/\/www.gruenes-licht.at\/de\/wp-json\/wp\/v2\/users\/1"}],"replies":[{"embeddable":true,"href":"https:\/\/www.gruenes-licht.at\/de\/wp-json\/wp\/v2\/comments?post=107"}],"version-history":[{"count":7,"href":"https:\/\/www.gruenes-licht.at\/de\/wp-json\/wp\/v2\/pages\/107\/revisions"}],"predecessor-version":[{"id":377,"href":"https:\/\/www.gruenes-licht.at\/de\/wp-json\/wp\/v2\/pages\/107\/revisions\/377"}],"wp:featuredmedia":[{"embeddable":true,"href":"https:\/\/www.gruenes-licht.at\/de\/wp-json\/wp\/v2\/media\/246"}],"wp:attachment":[{"href":"https:\/\/www.gruenes-licht.at\/de\/wp-json\/wp\/v2\/media?parent=107"}],"curies":[{"name":"wp","href":"https:\/\/api.w.org\/{rel}","templated":true}]}}