{"id":108,"date":"2020-05-20T13:23:06","date_gmt":"2020-05-20T13:23:06","guid":{"rendered":"http:\/\/www.gruenes-licht.at\/?page_id=108"},"modified":"2020-07-06T15:53:55","modified_gmt":"2020-07-06T15:53:55","slug":"faq","status":"publish","type":"page","link":"https:\/\/www.gruenes-licht.at\/de\/faq\/","title":{"rendered":"H\u00c4UFIG GESTELLTE FRAGEN"},"content":{"rendered":"<p>[vc_row full_width=&#8221;stretch_row_content_no_spaces&#8221; css=&#8221;.vc_custom_1590601566402{margin-top: 0px !important;margin-bottom: 0px !important;border-top-width: 0px !important;border-bottom-width: 0px !important;padding-top: 0px !important;padding-bottom: 0px !important;}&#8221; el_class=&#8221;about-sec&#8221;][vc_column css=&#8221;.vc_custom_1590601543892{margin-top: 0px !important;margin-bottom: 0px !important;border-top-width: 0px !important;border-bottom-width: 0px !important;padding-top: 0px !important;padding-bottom: 0px !important;}&#8221;][vc_column_text css=&#8221;.vc_custom_1592390541139{margin-top: 0px !important;margin-bottom: 0px !important;border-top-width: 0px !important;border-bottom-width: 0px !important;padding-top: 0px !important;padding-bottom: 0px !important;}&#8221;]<\/p>\n<div class=\"heading-box\">\n<h2>Gr\u00fcnes Licht<\/h2>\n<h3>H\u00c4UFIG GESTELLTE FRAGEN<\/h3>\n<\/div>\n<p>[\/vc_column_text][\/vc_column][\/vc_row][vc_row css=&#8221;.vc_custom_1590601399717{margin-top: 0px !important;margin-bottom: 0px !important;border-top-width: 0px !important;border-bottom-width: 0px !important;}&#8221;][vc_column css=&#8221;.vc_custom_1581690980814{margin-top: 0px !important;margin-bottom: 0px !important;border-top-width: 0px !important;border-bottom-width: 0px !important;padding-top: 0px !important;padding-bottom: 0px !important;}&#8221;][vc_toggle title=&#8221;Wie kann ich am besten technische Informationen erhalten?&#8221; open=&#8221;true&#8221; el_class=&#8221;sup-faqs&#8221; css=&#8221;.vc_custom_1592383859566{margin-top: 0px !important;margin-bottom: 0px !important;border-top-width: 0px !important;border-bottom-width: 0px !important;padding-top: 0px !important;padding-bottom: 0px !important;}&#8221;]Sie k\u00f6nnen uns jederzeit \u00fcber unsere Website kontaktieren (Kontakt).[\/vc_toggle][vc_toggle title=&#8221;Wie kann ich einen Kostenvoranschlag erhalten?&#8221; el_class=&#8221;sup-faqs&#8221; css=&#8221;.vc_custom_1592383873693{margin-top: 0px !important;margin-bottom: 0px !important;border-top-width: 0px !important;border-bottom-width: 0px !important;padding-top: 0px !important;padding-bottom: 0px !important;}&#8221;]Um einen Kostenvoranschlag zu erhalten, senden Sie uns bitte Ihre Anfrage \u00fcber unsere Website (Kontakt).[\/vc_toggle][vc_toggle title=&#8221;Ist es m\u00f6glich, ein kostenloses Muster zu erhalten?&#8221; el_class=&#8221;sup-faqs&#8221; css=&#8221;.vc_custom_1592383890036{margin-top: 0px !important;margin-bottom: 0px !important;border-top-width: 0px !important;border-bottom-width: 0px !important;padding-top: 0px !important;padding-bottom: 0px !important;}&#8221;]Vorbehaltlich der Verf\u00fcgbarkeit in der Fabrik\/beim Vertriebspartner.[\/vc_toggle][vc_toggle title=&#8221;Wie ist die Lieferzeit?&#8221; el_class=&#8221;sup-faqs&#8221; css=&#8221;.vc_custom_1592383910156{margin-top: 0px !important;margin-bottom: 0px !important;border-top-width: 0px !important;border-bottom-width: 0px !important;padding-top: 0px !important;padding-bottom: 0px !important;}&#8221;]In der Regel betr\u00e4gt die Lieferzeit 2-4 Wochen, je nach Bestellmenge; das Werk wird dies best\u00e4tigen.[\/vc_toggle][vc_toggle title=&#8221;Gibt es bei Ihnen eine Mindestbestellmenge?&#8221; el_class=&#8221;sup-faqs&#8221; css=&#8221;.vc_custom_1592383922708{margin-top: 0px !important;margin-bottom: 0px !important;border-top-width: 0px !important;border-bottom-width: 0px !important;padding-top: 0px !important;padding-bottom: 0px !important;}&#8221;]Bei Erstbestellung gibt es keine Mindestbestellmenge.[\/vc_toggle][vc_toggle title=&#8221;Wie wird der Auftrag von der Fabrik bearbeitet?&#8221; el_class=&#8221;sup-faqs&#8221; css=&#8221;.vc_custom_1592383936980{margin-top: 0px !important;margin-bottom: 0px !important;border-top-width: 0px !important;border-bottom-width: 0px !important;padding-top: 0px !important;padding-bottom: 0px !important;}&#8221;]Nachdem der Kunde das Angebot der Fabrik akzeptiert hat, schickt er die Bestellung ab und hat dann 2 Werktage Zeit, um die Best\u00e4tigung der Fabrik zu erhalten. Danach muss die Zahlung erfolgen, bevor mit der Herstellung der bestellten Produkte begonnen wird.[\/vc_toggle][vc_toggle title=&#8221;Wie versenden Sie die Waren?&#8221; el_class=&#8221;sup-faqs&#8221; css=&#8221;.vc_custom_1592383956182{margin-top: 0px !important;margin-bottom: 0px !important;border-top-width: 0px !important;border-bottom-width: 0px !important;padding-top: 0px !important;padding-bottom: 0px !important;}&#8221;]Alle unsere Preise sind EXW. In der Regel nennt der Kunde den Spediteur. Unsere Fabrik kann auch ein optionales Angebot f\u00fcr den FOB-Versand der Produkte erstellen.[\/vc_toggle][vc_toggle title=&#8221;Ist es m\u00f6glich, unser Logo auf die Produkte drucken zu lassen?&#8221; el_class=&#8221;sup-faqs&#8221; css=&#8221;.vc_custom_1592383998908{margin-top: 0px !important;margin-bottom: 0px !important;border-top-width: 0px !important;border-bottom-width: 0px !important;padding-top: 0px !important;padding-bottom: 0px !important;}&#8221;]Ja, vorbehaltlich der Mindestbestellmenge.[\/vc_toggle][vc_toggle title=&#8221;Was ist die Produktgarantie?&#8221; el_class=&#8221;sup-faqs&#8221; css=&#8221;.vc_custom_1592384016668{margin-top: 0px !important;margin-bottom: 0px !important;border-top-width: 0px !important;border-bottom-width: 0px !important;padding-top: 0px !important;padding-bottom: 0px !important;}&#8221;]5 Jahre.[\/vc_toggle][vc_toggle title=&#8221;Was ist die Zahlungsfrist?&#8221; el_class=&#8221;sup-faqs&#8221; css=&#8221;.vc_custom_1592384039506{margin-top: 0px !important;margin-bottom: 0px !important;border-top-width: 0px !important;border-bottom-width: 0px !important;padding-top: 0px !important;padding-bottom: 0px !important;}&#8221;]100% Voraus\u00fcberweisung f\u00fcr kleine Mengen und Muster.<\/p>\n<p>50% Voraus\u00fcberweisung und 50% vor Versand f\u00fcr Gro\u00dfbestellungen.[\/vc_toggle][vc_toggle title=&#8221;Wie geht man mit den fehlerhaften Produkten um?&#8221; el_class=&#8221;sup-faqs&#8221; css=&#8221;.vc_custom_1592384058978{margin-top: 0px !important;margin-bottom: 0px !important;border-top-width: 0px !important;border-bottom-width: 0px !important;padding-top: 0px !important;padding-bottom: 0px !important;}&#8221;]Alle unsere Produkte werden einer Qualit\u00e4tskontrolle unterzogen. Wenn jedoch ein fehlerhaftes Produkt vorhanden ist und das Produkt noch unter Garantie steht, wenden Sie sich bitte an unser Kundendienstteam, um das Reklamationsformular auszuf\u00fcllen und Ihre Produkte kostenlos ersetzen zu lassen.[\/vc_toggle][vc_toggle title=&#8221;Haben Sie ein Kundendienstteam?&#8221; el_class=&#8221;sup-faqs&#8221; css=&#8221;.vc_custom_1592384071554{margin-top: 0px !important;margin-bottom: 0px !important;border-top-width: 0px !important;border-bottom-width: 0px !important;padding-top: 0px !important;padding-bottom: 0px !important;}&#8221;]Ja, unser Kundendienstteam steht Ihnen bei allen After-Sales-Auftr\u00e4gen jederzeit gerne zur Verf\u00fcgung und beantwortet alle Fragen.[\/vc_toggle][\/vc_column][\/vc_row]<\/p>\n","protected":false},"excerpt":{"rendered":"<p>[vc_row full_width=&#8221;stretch_row_content_no_spaces&#8221; css=&#8221;.vc_custom_1590601566402{margin-top: 0px !important;margin-bottom: 0px !important;border-top-width: 0px !important;border-bottom-width: 0px !important;padding-top: 0px !important;padding-bottom: 0px !important;}&#8221; el_class=&#8221;about-sec&#8221;][vc_column css=&#8221;.vc_custom_1590601543892{margin-top: 0px !important;margin-bottom: 0px !important;border-top-width: 0px !important;border-bottom-width: 0px !important;padding-top: 0px !important;padding-bottom: 0px !important;}&#8221;][vc_column_text css=&#8221;.vc_custom_1592390541139{margin-top: 0px !important;margin-bottom: 0px !important;border-top-width: 0px !important;border-bottom-width: 0px !important;padding-top: 0px !important;padding-bottom: 0px !important;}&#8221;] Gr\u00fcnes Licht H\u00c4UFIG GESTELLTE FRAGEN [\/vc_column_text][\/vc_column][\/vc_row][vc_row css=&#8221;.vc_custom_1590601399717{margin-top: 0px !important;margin-bottom: 0px !important;border-top-width: 0px !important;border-bottom-width: [&hellip;]<\/p>\n","protected":false},"author":1,"featured_media":454,"parent":0,"menu_order":0,"comment_status":"closed","ping_status":"closed","template":"","meta":[],"_links":{"self":[{"href":"https:\/\/www.gruenes-licht.at\/de\/wp-json\/wp\/v2\/pages\/108"}],"collection":[{"href":"https:\/\/www.gruenes-licht.at\/de\/wp-json\/wp\/v2\/pages"}],"about":[{"href":"https:\/\/www.gruenes-licht.at\/de\/wp-json\/wp\/v2\/types\/page"}],"author":[{"embeddable":true,"href":"https:\/\/www.gruenes-licht.at\/de\/wp-json\/wp\/v2\/users\/1"}],"replies":[{"embeddable":true,"href":"https:\/\/www.gruenes-licht.at\/de\/wp-json\/wp\/v2\/comments?post=108"}],"version-history":[{"count":14,"href":"https:\/\/www.gruenes-licht.at\/de\/wp-json\/wp\/v2\/pages\/108\/revisions"}],"predecessor-version":[{"id":416,"href":"https:\/\/www.gruenes-licht.at\/de\/wp-json\/wp\/v2\/pages\/108\/revisions\/416"}],"wp:featuredmedia":[{"embeddable":true,"href":"https:\/\/www.gruenes-licht.at\/de\/wp-json\/wp\/v2\/media\/454"}],"wp:attachment":[{"href":"https:\/\/www.gruenes-licht.at\/de\/wp-json\/wp\/v2\/media?parent=108"}],"curies":[{"name":"wp","href":"https:\/\/api.w.org\/{rel}","templated":true}]}}