{"id":769,"date":"2020-08-20T12:20:00","date_gmt":"2020-08-20T12:20:00","guid":{"rendered":"https:\/\/www.gruenes-licht.at\/?page_id=769"},"modified":"2020-08-20T12:32:09","modified_gmt":"2020-08-20T12:32:09","slug":"right-of-withdrawal","status":"publish","type":"page","link":"https:\/\/www.gruenes-licht.at\/de\/right-of-withdrawal\/","title":{"rendered":"WIDERRUFSBELEHRUNG"},"content":{"rendered":"<p>[vc_row css=&#8221;.vc_custom_1594893043274{padding-top: 70px !important;padding-bottom: 50px !important;}&#8221;][vc_column][vc_column_text el_class=&#8221;pp-cont&#8221;]<\/p>\n<h2>R\u00fccktrittsrecht f\u00fcr Kunden aus \u00d6sterreich<\/h2>\n<p><strong>Widerrufsrecht<\/strong><\/p>\n<p>Ist der Kunde Verbraucher (\u00a7 1 Abs. 1 Ziff. 2 KSchG), so kann er vom Vertrag innerhalb einer Frist von 14 Tagen ohne Angaben von Gr\u00fcnden zur\u00fccktreten. Es gen\u00fcgt, wenn die R\u00fccktrittserkl\u00e4rung oder vertragsgegenst\u00e4ndliche Sache innerhalb dieser Frist abgesendet wird. Die R\u00fccktrittsfrist beginnt mit dem Tag, an dem der Verbraucher oder ein vom Verbraucher benannter, nicht als Bef\u00f6rderer t\u00e4tiger Dritter den Besitz an der Ware erlangt. Der Widerruf ist zu richten an:<\/p>\n<ul>\n<li>Gr\u00fcnes Licht GmbH<\/li>\n<li>Gatterburggasse 23\/3, 1190 Wien<\/li>\n<li>T: +43 664 4111 240<\/li>\n<li>E-Mail: info@gruenes-licht.at<\/li>\n<\/ul>\n<p><strong>Widerrufsfolgen<\/strong><\/p>\n<p>Im Falle eines wirksamen R\u00fccktritts hat der Verk\u00e4ufer Zug um Zug die vom Kunden geleisteten Zahlungen zu erstatten und den vom Kunden auf die Sache gemachten notwendigen und n\u00fctzlichen Aufwand zu ersetzen. Der Kunde hat die empfangenen Leistungen zur\u00fcckzustellen und der Verk\u00e4uferin ein angemessenes Entgelt f\u00fcr die Benutzung, einschlie\u00dflich einer Entsch\u00e4digung f\u00fcr eine damit verbundene Minderung des gemeinen Wertes der Leistung, sowie f\u00fcr eine \u00fcber die Pr\u00fcfung der Eigenschaften und Funktionsweise hinausgehende Nutzung zu zahlen. Im Fall des R\u00fccktritts tr\u00e4gt der Kunde die Kosten der R\u00fccksendung. Ist der Kunde Unternehmer gem. \u00a71 UGB, so ist ein Widerruf g\u00e4nzlich ausgeschlossen.<\/p>\n<h2>R\u00fccktrittsrecht f\u00fcr Kunden aus einem Mitgliedstaat der Europ\u00e4ischen Union<\/h2>\n<p><strong>R\u00fccktrittsrecht f\u00fcr Kunden aus einem Mitgliedstaat der Europ\u00e4ischen Union <\/strong><\/p>\n<p>Ist der Kunde Verbraucher, so kann er vom Vertrag innerhalb einer Frist von 14 Tagen ohne Angaben von Gr\u00fcnden zur\u00fccktreten. Es gen\u00fcgt, wenn die R\u00fccktrittserkl\u00e4rung oder vertragsgegenst\u00e4ndliche Sache innerhalb dieser Frist abgesendet wird. Die R\u00fccktrittsfrist beginnt mit dem Tag, an dem der Verbraucher oder ein vom Verbraucher benannter, nicht als Bef\u00f6rderer t\u00e4tiger Dritter den Besitz an der Ware erlangt. Der Widerruf ist zu richten an:<\/p>\n<ul>\n<li>Gr\u00fcnes Licht GmbH<\/li>\n<li>Gatterburggasse 23\/3, 1190 Wien<\/li>\n<li>T: +43 664 4111 240<\/li>\n<li>E-Mail: info@gruenes-licht.at<\/li>\n<\/ul>\n<p><strong>Widerrufsfolgen<\/strong><\/p>\n<p>Im Falle eines wirksamen R\u00fccktritts hat der Verk\u00e4ufer Zug um Zug die vom Kunden geleisteten Zahlungen zu erstatten und den vom Kunden auf die Sache gemachten notwendigen und n\u00fctzlichen Aufwand zu ersetzen. Der Kunde hat die empfangenen Leistungen zur\u00fcckzustellen und der Verk\u00e4uferin ein angemessenes Entgelt f\u00fcr die Benutzung, einschlie\u00dflich einer Entsch\u00e4digung f\u00fcr eine damit verbundene Minderung des gemeinen Wertes der Leistung, sowie f\u00fcr eine \u00fcber die Pr\u00fcfung der Eigenschaften und Funktionsweise hinausgehende Nutzung zu zahlen. Wenn die gelieferte Ware der bestellten entspricht und der Preis der zur\u00fcckzusendenden Sache einen Betrag von 40 Euro nicht \u00fcbersteigt oder wenn der Kunde zum Zeitpunkt des Widerrufs noch nicht die Gegenleistung oder eine vertraglich vereinbarte Teilzahlung erbracht hat, hat der Kunde die Kosten der R\u00fccksendung zu tragen. Ist der Kunde Unternehmer, so ist ein Widerruf g\u00e4nzlich ausgeschlossen. [\/vc_column_text][\/vc_column][\/vc_row]<\/p>\n","protected":false},"excerpt":{"rendered":"<p>[vc_row css=&#8221;.vc_custom_1594893043274{padding-top: 70px !important;padding-bottom: 50px !important;}&#8221;][vc_column][vc_column_text el_class=&#8221;pp-cont&#8221;] R\u00fccktrittsrecht f\u00fcr Kunden aus \u00d6sterreich Widerrufsrecht Ist der Kunde Verbraucher (\u00a7 1 Abs. 1 Ziff. 2 KSchG), so kann er vom Vertrag innerhalb einer Frist von 14 Tagen ohne Angaben von Gr\u00fcnden zur\u00fccktreten. Es gen\u00fcgt, wenn die R\u00fccktrittserkl\u00e4rung oder vertragsgegenst\u00e4ndliche Sache innerhalb dieser Frist abgesendet wird. Die R\u00fccktrittsfrist [&hellip;]<\/p>\n","protected":false},"author":1,"featured_media":458,"parent":0,"menu_order":0,"comment_status":"closed","ping_status":"closed","template":"","meta":[],"_links":{"self":[{"href":"https:\/\/www.gruenes-licht.at\/de\/wp-json\/wp\/v2\/pages\/769"}],"collection":[{"href":"https:\/\/www.gruenes-licht.at\/de\/wp-json\/wp\/v2\/pages"}],"about":[{"href":"https:\/\/www.gruenes-licht.at\/de\/wp-json\/wp\/v2\/types\/page"}],"author":[{"embeddable":true,"href":"https:\/\/www.gruenes-licht.at\/de\/wp-json\/wp\/v2\/users\/1"}],"replies":[{"embeddable":true,"href":"https:\/\/www.gruenes-licht.at\/de\/wp-json\/wp\/v2\/comments?post=769"}],"version-history":[{"count":6,"href":"https:\/\/www.gruenes-licht.at\/de\/wp-json\/wp\/v2\/pages\/769\/revisions"}],"predecessor-version":[{"id":777,"href":"https:\/\/www.gruenes-licht.at\/de\/wp-json\/wp\/v2\/pages\/769\/revisions\/777"}],"wp:featuredmedia":[{"embeddable":true,"href":"https:\/\/www.gruenes-licht.at\/de\/wp-json\/wp\/v2\/media\/458"}],"wp:attachment":[{"href":"https:\/\/www.gruenes-licht.at\/de\/wp-json\/wp\/v2\/media?parent=769"}],"curies":[{"name":"wp","href":"https:\/\/api.w.org\/{rel}","templated":true}]}}